{"id":1270,"date":"2016-08-29T18:45:08","date_gmt":"2016-08-29T15:45:08","guid":{"rendered":"http:\/\/brianjamesestonia.ee\/en\/trailer-range\/cargo-connect\/"},"modified":"2023-06-26T17:25:23","modified_gmt":"2023-06-26T15:25:23","slug":"cargo-connect","status":"publish","type":"page","link":"http:\/\/brianjamesestonia.ee\/en\/trailer-range\/cargo-connect\/","title":{"rendered":"CarGO Connect"},"content":{"rendered":"<p>CarGO Connect on kauba ja s\u00f5idukite veohaagiste seas \u00fcks paremini kohandatavaid.<\/p>\n<p>Suur hulk uusi ja ainulaadseid lahendusi v\u00f5imaldavad n\u00f5udmise korral t\u00e4iusliku paindlikkuse<\/p>\n<p>tagamiseks rekonfigureerimist. Iga saadaval olev valik on lisatav v\u00f5i eemaldatav igal ajal nii \u00e4sjaostetuna, kui ka edaspidi.<\/p>\n<p>Lisaks kohandusv\u00f5imelisusele seab CarGO Connect haagiste kvaliteedilie ja rahalisele v\u00e4\u00e4rtusele uued standardid.<\/p>\n<p>Tulemusna teevad haagise kere ja \u00fcksikosad oma t\u00f6\u00f6d kaua ja h\u00e4sti t\u00e4nu oma pikaealisusele.<\/p>\n<p>Aluse pikkust on v\u00f5imalik valida 4 &#8211; 5,5 m vahel, kahes standardlaiuses. Saadaval on erinevad<\/p>\n<p>telje ning rehvisuuruste kooslused, et tagada v\u00f5imalikult palju lahendusi, sealjuures on<\/p>\n<p>saadaval ka uus raskeveorehvi 195\/60 R12 valik.<\/p>\n<p>&nbsp;<\/p>\n<div style=\"text-align:left\"><a href=\"http:\/\/www.brianjamesestonia.ee\/wp-content\/uploads\/EST_Kataloogid\/CARGOCON2015_Q3_5_web_1_EST.pdf\" class=\"btn1 small_button\" target=\"_blank\"><span>Lae alla PDF bro\u0161\u00fc\u00fcr (avaneb uues aknas)<\/span><\/a><\/div>\n<p style=\"text-align: left;\"><span style=\"text-align: left;\"><script type=\"text\/javascript\">var lsjQuery = jQuery;<\/script><script type=\"text\/javascript\">\r\nlsjQuery(document).ready(function() {\n                if(typeof lsjQuery.fn.layerSlider == \"undefined\") { lsShowNotice('layerslider_40','jquery'); }\n                    else if(typeof lsjQuery.transit == \"undefined\" || typeof lsjQuery.transit.modifiedForLayerSlider == \"undefined\") { lsShowNotice('layerslider_40', 'transit'); }\n                        else {\n                            lsjQuery(\"#layerslider_40\").layerSlider({\n                                width : '600px',\n                                height : '400px',\n                                responsive : false,\n                                responsiveUnder : 0,\n                                sublayerContainer : 0,\n                                autoStart : true,\n                                pauseOnHover : true,\n                                firstLayer : 1,\n                                animateFirstLayer : true,\n                                randomSlideshow : false,\n                                twoWaySlideshow : true,\n                                loops : 0,\n                                forceLoopNum : true,\n                                autoPlayVideos : true,\n                                autoPauseSlideshow : 'auto',\n                                youtubePreview : 'maxresdefault.jpg',\n                                keybNav : true,\n                                touchNav : true,\n                                skin : 'borderlesslight3d',\n                                skinsPath : 'http:\/\/brianjamesestonia.ee\/wp-content\/plugins\/LayerSlider\/skins\/',\r\nglobalBGColor : '#ffffff',\r\nnavPrevNext : true,\n                                navStartStop : false,\n                                navButtons : false,\n                                hoverPrevNext : true,\n                                hoverBottomNav : false,\n                                showBarTimer : false,\n                                showCircleTimer : true,\n                                thumbnailNavigation : 'hover',\n                                tnWidth : 100,\n                                tnHeight : 60,\n                                tnContainerWidth : '60%',\n                                tnActiveOpacity : 35,\n                                tnInactiveOpacity : 100,\n                                imgPreload : true,\n                        \t\tyourLogo : false,\n                                yourLogoStyle : 'left: 10px; top: 10px;',\n                                yourLogoLink : false,\n                                yourLogoTarget : '_self',\n                                cbInit : function(element) { },\n                                cbStart : function(data) { },\n                                cbStop : function(data) { },\n                                cbPause : function(data) { },\n                                cbAnimStart : function(data) { },\n                                cbAnimStop : function(data) { },\n                                cbPrev : function(data) { },\n                                cbNext : function(data) { }\n                            });\n                        }\n            });\n        <\/script><div class=\"ls-wp-fullwidth-container\"><div class=\"ls-wp-fullwidth-helper\"><div id=\"layerslider_40\" class=\"ls-wp-container\" style=\"width: 600px; height: 400px; margin: 0px auto; \"><div class=\"ls-layer\"  style=\"slidedirection: right; slidedelay: 4000; durationin: 1500; durationout: 1500; easingin: easeInOutQuint; easingout: easeInOutQuint; delayin: 0; delayout: 0; timeshift: 0; transition2d: 11; \"><img src=\"http:\/\/brianjamesestonia.ee\/wp-content\/uploads\/2016\/08\/Cargo_Connect_4_1.jpg\" class=\"ls-bg\" alt=\"Slide background\"><\/div><div class=\"ls-layer\"  style=\"slidedirection: right; slidedelay: 4000; durationin: 1500; durationout: 1500; easingin: easeInOutQuint; easingout: easeInOutQuint; delayin: 0; delayout: 0; timeshift: 0; transition2d: all; \"><img src=\"http:\/\/brianjamesestonia.ee\/wp-content\/uploads\/2016\/08\/Cargo_Connect_2_1.jpg\" class=\"ls-bg\" alt=\"Slide background\"><\/div><div class=\"ls-layer\"  style=\"slidedirection: right; slidedelay: 4000; durationin: 1500; durationout: 1500; easingin: easeInOutQuint; easingout: easeInOutQuint; delayin: 0; delayout: 0; timeshift: 0; transition2d: all; \"><img src=\"http:\/\/brianjamesestonia.ee\/wp-content\/uploads\/2016\/08\/Cargo_Connect_5_1.jpg\" class=\"ls-bg\" alt=\"Slide background\"><\/div><div class=\"ls-layer\"  style=\"slidedirection: right; slidedelay: 4000; durationin: 1500; durationout: 1500; easingin: easeInOutQuint; easingout: easeInOutQuint; delayin: 0; delayout: 0; timeshift: 0; transition2d: all; \"><img src=\"http:\/\/brianjamesestonia.ee\/wp-content\/uploads\/2016\/08\/Cargo_Connect_6_1.jpg\" class=\"ls-bg\" alt=\"Slide background\"><\/div><div class=\"ls-layer\"  style=\"slidedirection: right; slidedelay: 4000; durationin: 1500; durationout: 1500; easingin: easeInOutQuint; easingout: easeInOutQuint; delayin: 0; delayout: 0; timeshift: 0; transition2d: all; \"><img src=\"http:\/\/brianjamesestonia.ee\/wp-content\/uploads\/2016\/08\/Cargo_Connect_8_1.jpg\" class=\"ls-bg\" alt=\"Slide background\"><\/div><\/div><\/div><\/div><\/span><\/p>\n","protected":false},"excerpt":{"rendered":"<p>CarGO Connect on kauba ja s\u00f5idukite veohaagiste seas \u00fcks paremini kohandatavaid. Suur hulk uusi ja ainulaadseid lahendusi v\u00f5imaldavad n\u00f5udmise korral t\u00e4iusliku paindlikkuse tagamiseks rekonfigureerimist. Iga saadaval olev valik on lisatav v\u00f5i eemaldatav igal ajal nii \u00e4sjaostetuna, kui ka edaspidi. Lisaks kohandusv\u00f5imelisusele seab CarGO Connect haagiste kvaliteedilie ja rahalisele v\u00e4\u00e4rtusele uued standardid. Tulemusna teevad haagise kere <small>&#8230;<\/small><\/p>\n","protected":false},"author":1,"featured_media":0,"parent":16,"menu_order":0,"comment_status":"closed","ping_status":"open","template":"","meta":[],"_links":{"self":[{"href":"http:\/\/brianjamesestonia.ee\/en\/wp-json\/wp\/v2\/pages\/1270"}],"collection":[{"href":"http:\/\/brianjamesestonia.ee\/en\/wp-json\/wp\/v2\/pages"}],"about":[{"href":"http:\/\/brianjamesestonia.ee\/en\/wp-json\/wp\/v2\/types\/page"}],"author":[{"embeddable":true,"href":"http:\/\/brianjamesestonia.ee\/en\/wp-json\/wp\/v2\/users\/1"}],"replies":[{"embeddable":true,"href":"http:\/\/brianjamesestonia.ee\/en\/wp-json\/wp\/v2\/comments?post=1270"}],"version-history":[{"count":4,"href":"http:\/\/brianjamesestonia.ee\/en\/wp-json\/wp\/v2\/pages\/1270\/revisions"}],"predecessor-version":[{"id":1320,"href":"http:\/\/brianjamesestonia.ee\/en\/wp-json\/wp\/v2\/pages\/1270\/revisions\/1320"}],"up":[{"embeddable":true,"href":"http:\/\/brianjamesestonia.ee\/en\/wp-json\/wp\/v2\/pages\/16"}],"wp:attachment":[{"href":"http:\/\/brianjamesestonia.ee\/en\/wp-json\/wp\/v2\/media?parent=1270"}],"curies":[{"name":"wp","href":"https:\/\/api.w.org\/{rel}","templated":true}]}}